{"id":4532,"date":"2018-10-31T14:27:50","date_gmt":"2018-10-31T14:27:50","guid":{"rendered":"https:\/\/www.fondodelta.it\/?page_id=4532"},"modified":"2018-10-31T14:27:54","modified_gmt":"2018-10-31T14:27:54","slug":"opa-fondo-delta-offerta-navona-value-opportunity","status":"publish","type":"page","link":"https:\/\/www.fondodelta.it\/en\/opa-fondo-delta-offerta-navona-value-opportunity\/","title":{"rendered":"Opa Fondo Delta &#8211; Offerta Navona Value Opportunity"},"content":{"rendered":"<p>La presente Sezione del sito \u00e8 dedicata alle offerte pubbliche di acquisto volontarie (\u201c<u>Offerte<\/u>\u201d), promosse da GSF Eagle Opportunity S.\u00e0 r.l., Navona Value Opportunity S.\u00e0.r.l.\u00a0e Mars Grafton S.\u00e0 r.l.\u00a0\u00a0(gli\u2019\u201c<u>Offerenti<\/u>\u201d) sulle quote del fondo comune d\u2019investimento immobiliare di tipo chiuso denominato \u201cFondo Delta Immobiliare \u2013 Fondo Comune di Investimento Immobiliare di tipo Chiuso\u201d (il \u201c<u>Fondo<\/u>\u201d) gestito da Dea Capital Real Estate SGR Societ\u00e0 di Gestione del Risparmio S.p.A. (\u201cDea Capital Real Estate SGR\u201d o \u201c<u>SGR<\/u>\u201d). Le quote del Fondo (le \u201c<u>Quote<\/u>\u201d) sono ammesse alle negoziazioni sul Mercato degli Investment Vehicles (MIV), segmento mercato dei Fondi Chiusi del Mercato Telematico Azionario (MTA) organizzato e gestito da Borsa Italiana S.p.A..<\/p>\n<p>La SGR, per facilitare l\u2019accesso dei partecipanti al Fondo alla documentazione informativa concernente ciascuna delle Offerte, mette a disposizione nella presente sezione il materiale relativo alle Offerte stesse.<\/p>\n<p>Al riguardo si segnala quanto segue:<\/p>\n<ol>\n<li>la pubblicazione nel sito della SGR o del Fondo dei documenti concernenti le Offerte non costituisce in alcun modo una sollecitazione ad aderire alle Offerte da parte della SGR.<\/li>\n<\/ol>\n<ol>\n<li value=\"2\">La SGR non ha verificato l\u2019originalit\u00e0 o la completezza dei documenti pubblicati dagli Offerenti e resi disponibili su questo sito in formato elettronico. Pertanto, la SGR non assume alcuna responsabilit\u00e0 per le eventuali differenze tra i suddetti documenti disponibili in formato elettronico su questo sito Internet e qualsiasi altra copia cartacea dei medesimi altrimenti disponibile.<\/li>\n<\/ol>\n<ol>\n<li value=\"3\">Gli Offerenti hanno precisato che le Offerte sono promosse esclusivamente sul mercato italiano, unico mercato nel quale sono negoziate le Quote del Fondo, e che sono rivolte, indistintamente ed a parit\u00e0 di condizioni, a tutti i titolari delle Quote medesime. Pertanto, ciascuna delle Offerte non \u00e8 stata e non sar\u00e0 promossa negli Stati Uniti d&#8217;America \u2013 ovvero non \u00e8 stata e non sar\u00e0 rivolta ad una U.S. Person (come definita ai sensi del U.S. Securities Act del 1933 e successive modificazioni) \u2013 n\u00e9 \u00e8 stata e sar\u00e0 promossa in Canada, Giappone e Australia, nonch\u00e9 in qualsiasi altro Paese nel quale tale diffusione non sia consentita in assenza di autorizzazione da parte delle competenti autorit\u00e0 (gli \u201c<u>Altri Paesi<\/u>\u201d), n\u00e9 utilizzando strumenti di comunicazione o commercio internazionale (ivi inclusi, a titolo esemplificativo, la rete postale, il fax, il telex, la posta elettronica, il telefono ed Internet) degli Stati Uniti d&#8217;America, Canada, Giappone, Australia o degli Altri Paesi, n\u00e9 qualsivoglia struttura di alcuno degli intermediari finanziari degli Stati Uniti d&#8217;America, Canada, Giappone, Australia o degli Altri Paesi, n\u00e9 in alcun altro modo.<\/li>\n<\/ol>\n<p>L\u2019adesione alle Offerte da parte di soggetti residenti in Paesi diversi dall\u2019Italia pu\u00f2 essere soggetta a specifici obblighi o restrizioni previsti da disposizioni di legge o regolamentari. Al riguardo, <u>\u00e8 esclusiva responsabilit\u00e0 dei destinatari delle Offerte verificare l\u2019esistenza e l\u2019applicabilit\u00e0 di tali disposizioni rivolgendosi a propri consulenti e conformarsi alle disposizioni stesse prima dell\u2019adesione alle Offerte<\/u>.<\/p>\n<p>I documenti di offerta, la documentazione e le informazioni riportate nella presente sezione del sito internet non costituiscono e non potranno essere, pertanto, interpretati quali offerta di strumenti finanziari rivolta a soggetti residenti negli Stati Uniti d\u2019America, Canada, Giappone, Australia o negli Altri Paesi. Chiunque venga in possesso dei summenzionati documenti dovr\u00e0 astenersi dal trasmetterli o distribuirli, direttamente o indirettamente, dagli e\/o negli Stati Uniti d\u2019America, Australia, Canada, Giappone o negli Altri Paesi, ovvero a U.S. Person.<\/p>\n<p><strong>Chiunque intenda prendere visione dei documenti di offerta e degli altri documenti presenti in questa sezione del sito deve leggere attentamente e avere piena consapevolezza di quanto sopra riportato. Premendo il pulsante \u201caccetto\u201d, si dichiara e garantisce di aver compreso integralmente ed accettato di rispettare tutte le limitazioni sopra indicate e si dichiara di non essere una U.S. Person e di non trovarsi fisicamente n\u00e9 di essere residente negli Stati Uniti d&#8217;America, Australia, Canada, Giappone o in uno degli Altri Paesi.<\/strong><\/p>\n","protected":false},"excerpt":{"rendered":"<p>La presente Sezione del sito \u00e8 dedicata alle offerte pubbliche di acquisto volontarie (\u201cOfferte\u201d), promosse da GSF Eagle Opportunity S.\u00e0 r.l., Navona Value Opportunity S.\u00e0.r.l.\u00a0e Mars Grafton S.\u00e0 r.l.\u00a0\u00a0(gli\u2019\u201cOfferenti\u201d) sulle quote del fondo comune d\u2019investimento immobiliare di tipo chiuso denominato \u201cFondo Delta Immobiliare \u2013 Fondo Comune di Investimento Immobiliare di tipo Chiuso\u201d (il \u201cFondo\u201d) gestito [&hellip;]<\/p>\n","protected":false},"author":2,"featured_media":0,"parent":0,"menu_order":0,"comment_status":"closed","ping_status":"closed","template":"category.php","meta":{"_acf_changed":false,"footnotes":""},"class_list":["post-4532","page","type-page","status-publish","hentry"],"acf":[],"_links":{"self":[{"href":"https:\/\/www.fondodelta.it\/en\/wp-json\/wp\/v2\/pages\/4532","targetHints":{"allow":["GET"]}}],"collection":[{"href":"https:\/\/www.fondodelta.it\/en\/wp-json\/wp\/v2\/pages"}],"about":[{"href":"https:\/\/www.fondodelta.it\/en\/wp-json\/wp\/v2\/types\/page"}],"author":[{"embeddable":true,"href":"https:\/\/www.fondodelta.it\/en\/wp-json\/wp\/v2\/users\/2"}],"replies":[{"embeddable":true,"href":"https:\/\/www.fondodelta.it\/en\/wp-json\/wp\/v2\/comments?post=4532"}],"version-history":[{"count":0,"href":"https:\/\/www.fondodelta.it\/en\/wp-json\/wp\/v2\/pages\/4532\/revisions"}],"wp:attachment":[{"href":"https:\/\/www.fondodelta.it\/en\/wp-json\/wp\/v2\/media?parent=4532"}],"curies":[{"name":"wp","href":"https:\/\/api.w.org\/{rel}","templated":true}]}}